{"id":8,"date":"2018-06-15T07:46:14","date_gmt":"2018-06-15T07:46:14","guid":{"rendered":"http:\/\/kasiacimek.pl\/blog\/?page_id=8"},"modified":"2019-06-10T09:43:05","modified_gmt":"2019-06-10T09:43:05","slug":"about","status":"publish","type":"page","link":"https:\/\/kasiacimek.pl\/blog\/about\/","title":{"rendered":"O mnie"},"content":{"rendered":"<h2>Witam Ci\u0119 serdecznie na moim blogu<\/h2>\n<h3><img decoding=\"async\" loading=\"lazy\" class=\"alignnone wp-image-114 size-large\" src=\"http:\/\/kasiacimek.pl\/blog\/wp-content\/uploads\/2018\/08\/omnie-1024x685.jpg\" alt=\"\" width=\"680\" height=\"455\" \/><\/h3>\n<p>Jestem\u00a0<strong>dyplomowanym dietetykiem, mam\u0105 6-latka<\/strong>\u00a0i wielk\u0105 fank\u0105 pysznego jedzenia. Nie lubi\u0119 s\u0142owa dieta, kt\u00f3re zwykle kojarzy si\u0119 z g\u0142odzeniem i wyrzeczeniami. Stosuj\u0119 metod\u0119 wprowadzania ma\u0142ych zmian w \u017cywieniu i stylu \u017cycia, dzi\u0119ki kt\u00f3rym osi\u0105gniesz d\u0142ugotrwa\u0142y sukces. Pomagam pacjentom poprawi\u0107 ich stan zdrowia oraz samopoczucie, nie pozbawiaj\u0105c ich rado\u015bci jedzenia pysznych i jednocze\u015bnie zdrowych posi\u0142k\u00f3w.<\/p>\n<p>Moja filozofia od\u017cywiania jest prosta: celebruj posi\u0142ki i ciesz si\u0119 nimi, zachowaj umiar i \u017c\u00aeyj z g\u0142ow\u0105!.<\/p>\n<p><i>~Kasia<\/i><\/p>\n<p>Pozosta\u0142e informacje, kt\u00f3re mo\u017ce chcia\u0142by\u015b jeszcze o mnie wiedzie\u0107:<\/p>\n<p>Edukacja:<\/p>\n<ul>\n<li>uko\u0144czy\u0142am studia na kierunku Dietetyka na\u00a0<strong>Uniwersytecie Medycznym w Bia\u0142ymstoku<\/strong><\/li>\n<li>studia podyplomowe na kierunku \u201ePoradnictwo dietetyczne \u2013 post\u0119py w \u017cywieniu cz\u0142owieka\u201d w Instytucie \u017bywienia i \u017bywno\u015bci w Warszawie<\/li>\n<\/ul>\n<p>Dodatkowo:<\/p>\n<ul>\n<li>w\u0142a\u015bciciel poradni dietetycznej \u201cKatarzyna Cimek dietetyk\u201d<\/li>\n<li>edukator \u017cywieniowy w programie\u00a0<a class=\"customize-unpreviewable\" href=\"http:\/\/www.zdrowojemy.info\/program\/o-programie\">\u201eZdrowo jemy, zdrowo ro\u015bniemy\u201d<\/a><\/li>\n<\/ul>\n<p><a class=\"customize-unpreviewable\" href=\"http:\/\/www.zdrowojemy.info\/edukatorzy\"><img decoding=\"async\" src=\"http:\/\/kasiacimek.pl\/images\/zdrowo-jemy.jpg\" \/><\/a><a class=\"customize-unpreviewable\" href=\"http:\/\/www.zdrowojemy.info\/program\/o-programie\"><br \/>\n<\/a><\/p>\n<p>Najbardziej lubi\u0119:<\/p>\n<ul>\n<li>truskawki prosto z pola, bor\u00f3wki, makarony, mas\u0142o orzechowe, jarmu\u017c i ser koryci\u0144ski\u00a0\u263a<\/li>\n<\/ul>\n","protected":false},"excerpt":{"rendered":"<p>Witam Ci\u0119 serdecznie na moim blogu Jestem\u00a0dyplomowanym dietetykiem, mam\u0105 6-latka\u00a0i wielk\u0105 fank\u0105 pysznego jedzenia. Nie lubi\u0119 s\u0142owa dieta, kt\u00f3re zwykle kojarzy si\u0119 z g\u0142odzeniem i wyrzeczeniami. Stosuj\u0119 metod\u0119 wprowadzania ma\u0142ych zmian w \u017cywieniu i stylu \u017cycia, dzi\u0119ki kt\u00f3rym osi\u0105gniesz d\u0142ugotrwa\u0142y sukces. Pomagam pacjentom poprawi\u0107 ich stan zdrowia oraz samopoczucie, nie pozbawiaj\u0105c ich rado\u015bci jedzenia pysznych i jednocze\u015bnie zdrowych posi\u0142k\u00f3w. Moja&#46;&#46;&#46;<\/p>\n","protected":false},"author":1,"featured_media":114,"parent":0,"menu_order":0,"comment_status":"closed","ping_status":"closed","template":"","meta":{"footnotes":""},"yoast_head":"<!-- This site is optimized with the Yoast SEO plugin v19.13 - https:\/\/yoast.com\/wordpress\/plugins\/seo\/ -->\n<title>O mnie - Kasia Cimek | Dietetyk Bia\u0142ystok | Blog<\/title>\n<meta name=\"robots\" content=\"index, follow, max-snippet:-1, max-image-preview:large, max-video-preview:-1\" \/>\n<link rel=\"canonical\" href=\"https:\/\/kasiacimek.pl\/blog\/about\/\" \/>\n<meta property=\"og:locale\" content=\"en_GB\" \/>\n<meta property=\"og:type\" content=\"article\" \/>\n<meta property=\"og:title\" content=\"O mnie - Kasia Cimek | Dietetyk Bia\u0142ystok | Blog\" \/>\n<meta property=\"og:description\" content=\"Witam Ci\u0119 serdecznie na moim blogu Jestem\u00a0dyplomowanym dietetykiem, mam\u0105 6-latka\u00a0i wielk\u0105 fank\u0105 pysznego jedzenia. Nie lubi\u0119 s\u0142owa dieta, kt\u00f3re zwykle kojarzy si\u0119 z g\u0142odzeniem i wyrzeczeniami. Stosuj\u0119 metod\u0119 wprowadzania ma\u0142ych zmian w \u017cywieniu i stylu \u017cycia, dzi\u0119ki kt\u00f3rym osi\u0105gniesz d\u0142ugotrwa\u0142y sukces. Pomagam pacjentom poprawi\u0107 ich stan zdrowia oraz samopoczucie, nie pozbawiaj\u0105c ich rado\u015bci jedzenia pysznych i jednocze\u015bnie zdrowych posi\u0142k\u00f3w. Moja&#046;&#046;&#046;\" \/>\n<meta property=\"og:url\" content=\"https:\/\/kasiacimek.pl\/blog\/about\/\" \/>\n<meta property=\"og:site_name\" content=\"Kasia Cimek | Dietetyk Bia\u0142ystok | Blog\" \/>\n<meta property=\"article:publisher\" content=\"https:\/\/www.facebook.com\/kasiacimekdietetyk\/\" \/>\n<meta property=\"article:modified_time\" content=\"2019-06-10T09:43:05+00:00\" \/>\n<meta property=\"og:image\" content=\"https:\/\/kasiacimek.pl\/blog\/wp-content\/uploads\/2018\/08\/omnie-e1534153169899.jpg\" \/>\n\t<meta property=\"og:image:width\" content=\"1936\" \/>\n\t<meta property=\"og:image:height\" content=\"1296\" \/>\n\t<meta property=\"og:image:type\" content=\"image\/jpeg\" \/>\n<meta name=\"twitter:card\" content=\"summary_large_image\" \/>\n<meta name=\"twitter:site\" content=\"@cimek_k\" \/>\n<meta name=\"twitter:label1\" content=\"Estimated reading time\" \/>\n\t<meta name=\"twitter:data1\" content=\"1 minute\" \/>\n<script type=\"application\/ld+json\" class=\"yoast-schema-graph\">{\"@context\":\"https:\/\/schema.org\",\"@graph\":[{\"@type\":\"WebPage\",\"@id\":\"https:\/\/kasiacimek.pl\/blog\/about\/\",\"url\":\"https:\/\/kasiacimek.pl\/blog\/about\/\",\"name\":\"O mnie - Kasia Cimek | Dietetyk Bia\u0142ystok | Blog\",\"isPartOf\":{\"@id\":\"https:\/\/kasiacimek.pl\/blog\/#website\"},\"datePublished\":\"2018-06-15T07:46:14+00:00\",\"dateModified\":\"2019-06-10T09:43:05+00:00\",\"breadcrumb\":{\"@id\":\"https:\/\/kasiacimek.pl\/blog\/about\/#breadcrumb\"},\"inLanguage\":\"en-GB\",\"potentialAction\":[{\"@type\":\"ReadAction\",\"target\":[\"https:\/\/kasiacimek.pl\/blog\/about\/\"]}]},{\"@type\":\"BreadcrumbList\",\"@id\":\"https:\/\/kasiacimek.pl\/blog\/about\/#breadcrumb\",\"itemListElement\":[{\"@type\":\"ListItem\",\"position\":1,\"name\":\"Home\",\"item\":\"https:\/\/kasiacimek.pl\/blog\/\"},{\"@type\":\"ListItem\",\"position\":2,\"name\":\"O mnie\"}]},{\"@type\":\"WebSite\",\"@id\":\"https:\/\/kasiacimek.pl\/blog\/#website\",\"url\":\"https:\/\/kasiacimek.pl\/blog\/\",\"name\":\"http:\/\/kasiacimek.pl\/blog\/\",\"description\":\"\",\"publisher\":{\"@id\":\"https:\/\/kasiacimek.pl\/blog\/#organization\"},\"potentialAction\":[{\"@type\":\"SearchAction\",\"target\":{\"@type\":\"EntryPoint\",\"urlTemplate\":\"https:\/\/kasiacimek.pl\/blog\/?s={search_term_string}\"},\"query-input\":\"required name=search_term_string\"}],\"inLanguage\":\"en-GB\"},{\"@type\":\"Organization\",\"@id\":\"https:\/\/kasiacimek.pl\/blog\/#organization\",\"name\":\"Katarzyna Cimek Dietetyk\",\"url\":\"https:\/\/kasiacimek.pl\/blog\/\",\"logo\":{\"@type\":\"ImageObject\",\"inLanguage\":\"en-GB\",\"@id\":\"https:\/\/kasiacimek.pl\/blog\/#\/schema\/logo\/image\/\",\"url\":\"https:\/\/kasiacimek.pl\/blog\/wp-content\/uploads\/2020\/05\/Logo-Kasia-Cimek-Dietetyk.jpg\",\"contentUrl\":\"https:\/\/kasiacimek.pl\/blog\/wp-content\/uploads\/2020\/05\/Logo-Kasia-Cimek-Dietetyk.jpg\",\"width\":993,\"height\":993,\"caption\":\"Katarzyna Cimek Dietetyk\"},\"image\":{\"@id\":\"https:\/\/kasiacimek.pl\/blog\/#\/schema\/logo\/image\/\"},\"sameAs\":[\"https:\/\/www.instagram.com\/kasia.cimek\/\",\"https:\/\/www.linkedin.com\/in\/katarzyna-cimek\/\",\"https:\/\/pl.pinterest.com\/kacimek\/\",\"https:\/\/www.facebook.com\/kasiacimekdietetyk\/\",\"https:\/\/twitter.com\/cimek_k\"]}]}<\/script>\n<!-- \/ Yoast SEO plugin. -->","yoast_head_json":{"title":"O mnie - Kasia Cimek | Dietetyk Bia\u0142ystok | Blog","robots":{"index":"index","follow":"follow","max-snippet":"max-snippet:-1","max-image-preview":"max-image-preview:large","max-video-preview":"max-video-preview:-1"},"canonical":"https:\/\/kasiacimek.pl\/blog\/about\/","og_locale":"en_GB","og_type":"article","og_title":"O mnie - Kasia Cimek | Dietetyk Bia\u0142ystok | Blog","og_description":"Witam Ci\u0119 serdecznie na moim blogu Jestem\u00a0dyplomowanym dietetykiem, mam\u0105 6-latka\u00a0i wielk\u0105 fank\u0105 pysznego jedzenia. Nie lubi\u0119 s\u0142owa dieta, kt\u00f3re zwykle kojarzy si\u0119 z g\u0142odzeniem i wyrzeczeniami. Stosuj\u0119 metod\u0119 wprowadzania ma\u0142ych zmian w \u017cywieniu i stylu \u017cycia, dzi\u0119ki kt\u00f3rym osi\u0105gniesz d\u0142ugotrwa\u0142y sukces. Pomagam pacjentom poprawi\u0107 ich stan zdrowia oraz samopoczucie, nie pozbawiaj\u0105c ich rado\u015bci jedzenia pysznych i jednocze\u015bnie zdrowych posi\u0142k\u00f3w. Moja&#46;&#46;&#46;","og_url":"https:\/\/kasiacimek.pl\/blog\/about\/","og_site_name":"Kasia Cimek | Dietetyk Bia\u0142ystok | Blog","article_publisher":"https:\/\/www.facebook.com\/kasiacimekdietetyk\/","article_modified_time":"2019-06-10T09:43:05+00:00","og_image":[{"width":1936,"height":1296,"url":"https:\/\/kasiacimek.pl\/blog\/wp-content\/uploads\/2018\/08\/omnie-e1534153169899.jpg","type":"image\/jpeg"}],"twitter_card":"summary_large_image","twitter_site":"@cimek_k","twitter_misc":{"Estimated reading time":"1 minute"},"schema":{"@context":"https:\/\/schema.org","@graph":[{"@type":"WebPage","@id":"https:\/\/kasiacimek.pl\/blog\/about\/","url":"https:\/\/kasiacimek.pl\/blog\/about\/","name":"O mnie - Kasia Cimek | Dietetyk Bia\u0142ystok | Blog","isPartOf":{"@id":"https:\/\/kasiacimek.pl\/blog\/#website"},"datePublished":"2018-06-15T07:46:14+00:00","dateModified":"2019-06-10T09:43:05+00:00","breadcrumb":{"@id":"https:\/\/kasiacimek.pl\/blog\/about\/#breadcrumb"},"inLanguage":"en-GB","potentialAction":[{"@type":"ReadAction","target":["https:\/\/kasiacimek.pl\/blog\/about\/"]}]},{"@type":"BreadcrumbList","@id":"https:\/\/kasiacimek.pl\/blog\/about\/#breadcrumb","itemListElement":[{"@type":"ListItem","position":1,"name":"Home","item":"https:\/\/kasiacimek.pl\/blog\/"},{"@type":"ListItem","position":2,"name":"O mnie"}]},{"@type":"WebSite","@id":"https:\/\/kasiacimek.pl\/blog\/#website","url":"https:\/\/kasiacimek.pl\/blog\/","name":"http:\/\/kasiacimek.pl\/blog\/","description":"","publisher":{"@id":"https:\/\/kasiacimek.pl\/blog\/#organization"},"potentialAction":[{"@type":"SearchAction","target":{"@type":"EntryPoint","urlTemplate":"https:\/\/kasiacimek.pl\/blog\/?s={search_term_string}"},"query-input":"required name=search_term_string"}],"inLanguage":"en-GB"},{"@type":"Organization","@id":"https:\/\/kasiacimek.pl\/blog\/#organization","name":"Katarzyna Cimek Dietetyk","url":"https:\/\/kasiacimek.pl\/blog\/","logo":{"@type":"ImageObject","inLanguage":"en-GB","@id":"https:\/\/kasiacimek.pl\/blog\/#\/schema\/logo\/image\/","url":"https:\/\/kasiacimek.pl\/blog\/wp-content\/uploads\/2020\/05\/Logo-Kasia-Cimek-Dietetyk.jpg","contentUrl":"https:\/\/kasiacimek.pl\/blog\/wp-content\/uploads\/2020\/05\/Logo-Kasia-Cimek-Dietetyk.jpg","width":993,"height":993,"caption":"Katarzyna Cimek Dietetyk"},"image":{"@id":"https:\/\/kasiacimek.pl\/blog\/#\/schema\/logo\/image\/"},"sameAs":["https:\/\/www.instagram.com\/kasia.cimek\/","https:\/\/www.linkedin.com\/in\/katarzyna-cimek\/","https:\/\/pl.pinterest.com\/kacimek\/","https:\/\/www.facebook.com\/kasiacimekdietetyk\/","https:\/\/twitter.com\/cimek_k"]}]}},"_links":{"self":[{"href":"https:\/\/kasiacimek.pl\/blog\/wp-json\/wp\/v2\/pages\/8"}],"collection":[{"href":"https:\/\/kasiacimek.pl\/blog\/wp-json\/wp\/v2\/pages"}],"about":[{"href":"https:\/\/kasiacimek.pl\/blog\/wp-json\/wp\/v2\/types\/page"}],"author":[{"embeddable":true,"href":"https:\/\/kasiacimek.pl\/blog\/wp-json\/wp\/v2\/users\/1"}],"replies":[{"embeddable":true,"href":"https:\/\/kasiacimek.pl\/blog\/wp-json\/wp\/v2\/comments?post=8"}],"version-history":[{"count":5,"href":"https:\/\/kasiacimek.pl\/blog\/wp-json\/wp\/v2\/pages\/8\/revisions"}],"predecessor-version":[{"id":550,"href":"https:\/\/kasiacimek.pl\/blog\/wp-json\/wp\/v2\/pages\/8\/revisions\/550"}],"wp:featuredmedia":[{"embeddable":true,"href":"https:\/\/kasiacimek.pl\/blog\/wp-json\/wp\/v2\/media\/114"}],"wp:attachment":[{"href":"https:\/\/kasiacimek.pl\/blog\/wp-json\/wp\/v2\/media?parent=8"}],"curies":[{"name":"wp","href":"https:\/\/api.w.org\/{rel}","templated":true}]}}