{"id":317,"date":"2018-12-08T13:17:13","date_gmt":"2018-12-08T13:17:13","guid":{"rendered":"http:\/\/kasiacimek.pl\/blog\/?page_id=317"},"modified":"2018-12-08T13:17:13","modified_gmt":"2018-12-08T13:17:13","slug":"na-polce-dietetyka","status":"publish","type":"page","link":"https:\/\/kasiacimek.pl\/blog\/na-polce-dietetyka\/","title":{"rendered":"na p\u00f3\u0142ce dietetyka"},"content":{"rendered":"","protected":false},"excerpt":{"rendered":"","protected":false},"author":1,"featured_media":0,"parent":0,"menu_order":0,"comment_status":"closed","ping_status":"closed","template":"","meta":{"footnotes":""},"yoast_head":"<!-- This site is optimized with the Yoast SEO plugin v19.13 - https:\/\/yoast.com\/wordpress\/plugins\/seo\/ -->\n<title>na p\u00f3\u0142ce dietetyka - Kasia Cimek | Dietetyk Bia\u0142ystok | Blog<\/title>\n<meta name=\"robots\" content=\"index, follow, max-snippet:-1, max-image-preview:large, max-video-preview:-1\" \/>\n<link rel=\"canonical\" href=\"https:\/\/kasiacimek.pl\/blog\/na-polce-dietetyka\/\" \/>\n<meta property=\"og:locale\" content=\"en_GB\" \/>\n<meta property=\"og:type\" content=\"article\" \/>\n<meta property=\"og:title\" content=\"na p\u00f3\u0142ce dietetyka - Kasia Cimek | Dietetyk Bia\u0142ystok | Blog\" \/>\n<meta property=\"og:url\" content=\"https:\/\/kasiacimek.pl\/blog\/na-polce-dietetyka\/\" \/>\n<meta property=\"og:site_name\" content=\"Kasia Cimek | Dietetyk Bia\u0142ystok | Blog\" \/>\n<meta property=\"article:publisher\" content=\"https:\/\/www.facebook.com\/kasiacimekdietetyk\/\" \/>\n<meta name=\"twitter:card\" content=\"summary_large_image\" \/>\n<meta name=\"twitter:site\" content=\"@cimek_k\" \/>\n<script type=\"application\/ld+json\" class=\"yoast-schema-graph\">{\"@context\":\"https:\/\/schema.org\",\"@graph\":[{\"@type\":\"WebPage\",\"@id\":\"https:\/\/kasiacimek.pl\/blog\/na-polce-dietetyka\/\",\"url\":\"https:\/\/kasiacimek.pl\/blog\/na-polce-dietetyka\/\",\"name\":\"na p\u00f3\u0142ce dietetyka - Kasia Cimek | Dietetyk Bia\u0142ystok | Blog\",\"isPartOf\":{\"@id\":\"https:\/\/kasiacimek.pl\/blog\/#website\"},\"datePublished\":\"2018-12-08T13:17:13+00:00\",\"dateModified\":\"2018-12-08T13:17:13+00:00\",\"breadcrumb\":{\"@id\":\"https:\/\/kasiacimek.pl\/blog\/na-polce-dietetyka\/#breadcrumb\"},\"inLanguage\":\"en-GB\",\"potentialAction\":[{\"@type\":\"ReadAction\",\"target\":[\"https:\/\/kasiacimek.pl\/blog\/na-polce-dietetyka\/\"]}]},{\"@type\":\"BreadcrumbList\",\"@id\":\"https:\/\/kasiacimek.pl\/blog\/na-polce-dietetyka\/#breadcrumb\",\"itemListElement\":[{\"@type\":\"ListItem\",\"position\":1,\"name\":\"Home\",\"item\":\"https:\/\/kasiacimek.pl\/blog\/\"},{\"@type\":\"ListItem\",\"position\":2,\"name\":\"na p\u00f3\u0142ce dietetyka\"}]},{\"@type\":\"WebSite\",\"@id\":\"https:\/\/kasiacimek.pl\/blog\/#website\",\"url\":\"https:\/\/kasiacimek.pl\/blog\/\",\"name\":\"http:\/\/kasiacimek.pl\/blog\/\",\"description\":\"\",\"publisher\":{\"@id\":\"https:\/\/kasiacimek.pl\/blog\/#organization\"},\"potentialAction\":[{\"@type\":\"SearchAction\",\"target\":{\"@type\":\"EntryPoint\",\"urlTemplate\":\"https:\/\/kasiacimek.pl\/blog\/?s={search_term_string}\"},\"query-input\":\"required name=search_term_string\"}],\"inLanguage\":\"en-GB\"},{\"@type\":\"Organization\",\"@id\":\"https:\/\/kasiacimek.pl\/blog\/#organization\",\"name\":\"Katarzyna Cimek Dietetyk\",\"url\":\"https:\/\/kasiacimek.pl\/blog\/\",\"logo\":{\"@type\":\"ImageObject\",\"inLanguage\":\"en-GB\",\"@id\":\"https:\/\/kasiacimek.pl\/blog\/#\/schema\/logo\/image\/\",\"url\":\"https:\/\/kasiacimek.pl\/blog\/wp-content\/uploads\/2020\/05\/Logo-Kasia-Cimek-Dietetyk.jpg\",\"contentUrl\":\"https:\/\/kasiacimek.pl\/blog\/wp-content\/uploads\/2020\/05\/Logo-Kasia-Cimek-Dietetyk.jpg\",\"width\":993,\"height\":993,\"caption\":\"Katarzyna Cimek Dietetyk\"},\"image\":{\"@id\":\"https:\/\/kasiacimek.pl\/blog\/#\/schema\/logo\/image\/\"},\"sameAs\":[\"https:\/\/www.instagram.com\/kasia.cimek\/\",\"https:\/\/www.linkedin.com\/in\/katarzyna-cimek\/\",\"https:\/\/pl.pinterest.com\/kacimek\/\",\"https:\/\/www.facebook.com\/kasiacimekdietetyk\/\",\"https:\/\/twitter.com\/cimek_k\"]}]}<\/script>\n<!-- \/ Yoast SEO plugin. -->","yoast_head_json":{"title":"na p\u00f3\u0142ce dietetyka - Kasia Cimek | Dietetyk Bia\u0142ystok | Blog","robots":{"index":"index","follow":"follow","max-snippet":"max-snippet:-1","max-image-preview":"max-image-preview:large","max-video-preview":"max-video-preview:-1"},"canonical":"https:\/\/kasiacimek.pl\/blog\/na-polce-dietetyka\/","og_locale":"en_GB","og_type":"article","og_title":"na p\u00f3\u0142ce dietetyka - Kasia Cimek | Dietetyk Bia\u0142ystok | Blog","og_url":"https:\/\/kasiacimek.pl\/blog\/na-polce-dietetyka\/","og_site_name":"Kasia Cimek | Dietetyk Bia\u0142ystok | Blog","article_publisher":"https:\/\/www.facebook.com\/kasiacimekdietetyk\/","twitter_card":"summary_large_image","twitter_site":"@cimek_k","schema":{"@context":"https:\/\/schema.org","@graph":[{"@type":"WebPage","@id":"https:\/\/kasiacimek.pl\/blog\/na-polce-dietetyka\/","url":"https:\/\/kasiacimek.pl\/blog\/na-polce-dietetyka\/","name":"na p\u00f3\u0142ce dietetyka - Kasia Cimek | Dietetyk Bia\u0142ystok | Blog","isPartOf":{"@id":"https:\/\/kasiacimek.pl\/blog\/#website"},"datePublished":"2018-12-08T13:17:13+00:00","dateModified":"2018-12-08T13:17:13+00:00","breadcrumb":{"@id":"https:\/\/kasiacimek.pl\/blog\/na-polce-dietetyka\/#breadcrumb"},"inLanguage":"en-GB","potentialAction":[{"@type":"ReadAction","target":["https:\/\/kasiacimek.pl\/blog\/na-polce-dietetyka\/"]}]},{"@type":"BreadcrumbList","@id":"https:\/\/kasiacimek.pl\/blog\/na-polce-dietetyka\/#breadcrumb","itemListElement":[{"@type":"ListItem","position":1,"name":"Home","item":"https:\/\/kasiacimek.pl\/blog\/"},{"@type":"ListItem","position":2,"name":"na p\u00f3\u0142ce dietetyka"}]},{"@type":"WebSite","@id":"https:\/\/kasiacimek.pl\/blog\/#website","url":"https:\/\/kasiacimek.pl\/blog\/","name":"http:\/\/kasiacimek.pl\/blog\/","description":"","publisher":{"@id":"https:\/\/kasiacimek.pl\/blog\/#organization"},"potentialAction":[{"@type":"SearchAction","target":{"@type":"EntryPoint","urlTemplate":"https:\/\/kasiacimek.pl\/blog\/?s={search_term_string}"},"query-input":"required name=search_term_string"}],"inLanguage":"en-GB"},{"@type":"Organization","@id":"https:\/\/kasiacimek.pl\/blog\/#organization","name":"Katarzyna Cimek Dietetyk","url":"https:\/\/kasiacimek.pl\/blog\/","logo":{"@type":"ImageObject","inLanguage":"en-GB","@id":"https:\/\/kasiacimek.pl\/blog\/#\/schema\/logo\/image\/","url":"https:\/\/kasiacimek.pl\/blog\/wp-content\/uploads\/2020\/05\/Logo-Kasia-Cimek-Dietetyk.jpg","contentUrl":"https:\/\/kasiacimek.pl\/blog\/wp-content\/uploads\/2020\/05\/Logo-Kasia-Cimek-Dietetyk.jpg","width":993,"height":993,"caption":"Katarzyna Cimek Dietetyk"},"image":{"@id":"https:\/\/kasiacimek.pl\/blog\/#\/schema\/logo\/image\/"},"sameAs":["https:\/\/www.instagram.com\/kasia.cimek\/","https:\/\/www.linkedin.com\/in\/katarzyna-cimek\/","https:\/\/pl.pinterest.com\/kacimek\/","https:\/\/www.facebook.com\/kasiacimekdietetyk\/","https:\/\/twitter.com\/cimek_k"]}]}},"_links":{"self":[{"href":"https:\/\/kasiacimek.pl\/blog\/wp-json\/wp\/v2\/pages\/317"}],"collection":[{"href":"https:\/\/kasiacimek.pl\/blog\/wp-json\/wp\/v2\/pages"}],"about":[{"href":"https:\/\/kasiacimek.pl\/blog\/wp-json\/wp\/v2\/types\/page"}],"author":[{"embeddable":true,"href":"https:\/\/kasiacimek.pl\/blog\/wp-json\/wp\/v2\/users\/1"}],"replies":[{"embeddable":true,"href":"https:\/\/kasiacimek.pl\/blog\/wp-json\/wp\/v2\/comments?post=317"}],"version-history":[{"count":1,"href":"https:\/\/kasiacimek.pl\/blog\/wp-json\/wp\/v2\/pages\/317\/revisions"}],"predecessor-version":[{"id":319,"href":"https:\/\/kasiacimek.pl\/blog\/wp-json\/wp\/v2\/pages\/317\/revisions\/319"}],"wp:attachment":[{"href":"https:\/\/kasiacimek.pl\/blog\/wp-json\/wp\/v2\/media?parent=317"}],"curies":[{"name":"wp","href":"https:\/\/api.w.org\/{rel}","templated":true}]}}